{"id":111,"date":"2025-01-31T15:37:14","date_gmt":"2025-01-31T15:37:14","guid":{"rendered":"https:\/\/jdimax.com\/?page_id=111"},"modified":"2025-01-31T15:44:35","modified_gmt":"2025-01-31T15:44:35","slug":"sobre","status":"publish","type":"page","link":"https:\/\/jdimax.com\/index.php\/sobre\/","title":{"rendered":"Sobre Nosotros"},"content":{"rendered":"\n<p><\/p>\n\n\n\n<div class=\"wp-block-uagb-advanced-heading uagb-block-bca1e276\"><h2 class=\"uagb-heading-text\">JOSE DIGITAL MEDIA DOMINICANA<\/h2><\/div>\n\n\n\n<p>Impulsando la transformaci\u00f3n digital en la Republica Dominicana con innovaci\u00f3n y excelencia.<\/p>\n\n\n\n<h2 class=\"wp-block-heading\">Nuestra Historia<\/h2>\n\n\n\n<p>Desde 2008, hemos sido pioneros en la revoluci\u00f3n digital de Puerto Plata. Con sede en la Calle Duarte #109, Luper\u00f3n, nos hemos convertido en socios estrat\u00e9gicos de m\u00e1s de 50 empresas locales, ayud\u00e1ndolas a prosperar en la era digital con soluciones innovadoras y personalizadas.<\/p>\n\n\n\n<div class=\"wp-block-uagb-advanced-heading uagb-block-62f59020\"><h2 class=\"uagb-heading-text\">Misi\u00f3n<\/h2><\/div>\n\n\n\n<p>Impulsar el crecimiento empresarial mediante tecnolog\u00eda creativa y estrategias digitales efectivas, transformando ideas en soluciones digitales que generan impacto real.<\/p>\n\n\n\n<h2 class=\"wp-block-heading\">Visi\u00f3n<\/h2>\n\n\n\n<p>Ser el referente indiscutible en innovaci\u00f3n digital en Rep\u00fablica Dominicana para 2025, liderando la transformaci\u00f3n tecnol\u00f3gica con soluciones vanguardistas.<\/p>\n\n\n\n<div class=\"wp-block-uagb-advanced-heading uagb-block-dd85eeb8\"><h2 class=\"uagb-heading-text\">Nuestros Valores<\/h2><\/div>\n\n\n\n<p>Integridad:<br>Construimos relaciones duraderas basadas en la honestidad y la transparencia.<br><br>Innovaci\u00f3n:<br>Exploramos constantemente nuevas tecnolog\u00edas y soluciones creativas.<br><br>Excelencia:<br>Nos comprometemos con la calidad superior en cada proyecto.<\/p>\n\n\n\n<h2 class=\"wp-block-heading\">Nuestro Equipo<\/h2>\n\n\n\n<p>Jos\u00e9 Gonz\u00e1lez<br>CEO &amp; Fundador<\/p>\n\n\n\n<h2 class=\"wp-block-heading\">\u00bfListo para impulsar tu proyecto?<\/h2>\n\n\n\n<p><a href=\"\/contactenos\">Cont\u00e1ctanos Ahora<\/a><\/p>\n\n\n\n<p><\/p>\n","protected":false},"excerpt":{"rendered":"<p>JOSE DIGITAL MEDIA DOMINICANA Impulsando la transformaci\u00f3n digital en la Republica Dominicana con innovaci\u00f3n y excelencia. Nuestra Historia Desde 2008, hemos sido pioneros en la revoluci\u00f3n digital de Puerto Plata. Con sede en la Calle Duarte #109, Luper\u00f3n, nos hemos convertido en socios estrat\u00e9gicos de m\u00e1s de 50 empresas locales, ayud\u00e1ndolas a prosperar en la [&hellip;]<\/p>\n","protected":false},"author":1,"featured_media":0,"parent":0,"menu_order":0,"comment_status":"closed","ping_status":"closed","template":"","meta":{"_uag_custom_page_level_css":"","site-sidebar-layout":"default","site-content-layout":"","ast-site-content-layout":"default","site-content-style":"default","site-sidebar-style":"default","ast-global-header-display":"","ast-banner-title-visibility":"","ast-main-header-display":"","ast-hfb-above-header-display":"","ast-hfb-below-header-display":"","ast-hfb-mobile-header-display":"","site-post-title":"","ast-breadcrumbs-content":"","ast-featured-img":"","footer-sml-layout":"","theme-transparent-header-meta":"","adv-header-id-meta":"","stick-header-meta":"","header-above-stick-meta":"","header-main-stick-meta":"","header-below-stick-meta":"","astra-migrate-meta-layouts":"set","ast-page-background-enabled":"default","ast-page-background-meta":{"desktop":{"background-color":"var(--ast-global-color-4)","background-image":"","background-repeat":"repeat","background-position":"center center","background-size":"auto","background-attachment":"scroll","background-type":"","background-media":"","overlay-type":"","overlay-color":"","overlay-opacity":"","overlay-gradient":""},"tablet":{"background-color":"","background-image":"","background-repeat":"repeat","background-position":"center center","background-size":"auto","background-attachment":"scroll","background-type":"","background-media":"","overlay-type":"","overlay-color":"","overlay-opacity":"","overlay-gradient":""},"mobile":{"background-color":"","background-image":"","background-repeat":"repeat","background-position":"center center","background-size":"auto","background-attachment":"scroll","background-type":"","background-media":"","overlay-type":"","overlay-color":"","overlay-opacity":"","overlay-gradient":""}},"ast-content-background-meta":{"desktop":{"background-color":"var(--ast-global-color-5)","background-image":"","background-repeat":"repeat","background-position":"center center","background-size":"auto","background-attachment":"scroll","background-type":"","background-media":"","overlay-type":"","overlay-color":"","overlay-opacity":"","overlay-gradient":""},"tablet":{"background-color":"var(--ast-global-color-5)","background-image":"","background-repeat":"repeat","background-position":"center center","background-size":"auto","background-attachment":"scroll","background-type":"","background-media":"","overlay-type":"","overlay-color":"","overlay-opacity":"","overlay-gradient":""},"mobile":{"background-color":"var(--ast-global-color-5)","background-image":"","background-repeat":"repeat","background-position":"center center","background-size":"auto","background-attachment":"scroll","background-type":"","background-media":"","overlay-type":"","overlay-color":"","overlay-opacity":"","overlay-gradient":""}},"footnotes":""},"class_list":["post-111","page","type-page","status-publish","hentry"],"uagb_featured_image_src":{"full":false,"thumbnail":false,"medium":false,"medium_large":false,"large":false,"1536x1536":false,"2048x2048":false},"uagb_author_info":{"display_name":"admin","author_link":"https:\/\/jdimax.com\/index.php\/author\/admin\/"},"uagb_comment_info":0,"uagb_excerpt":"JOSE DIGITAL MEDIA DOMINICANA Impulsando la transformaci\u00f3n digital en la Republica Dominicana con innovaci\u00f3n y excelencia. Nuestra Historia Desde 2008, hemos sido pioneros en la revoluci\u00f3n digital de Puerto Plata. Con sede en la Calle Duarte #109, Luper\u00f3n, nos hemos convertido en socios estrat\u00e9gicos de m\u00e1s de 50 empresas locales, ayud\u00e1ndolas a prosperar en la&hellip;","_links":{"self":[{"href":"https:\/\/jdimax.com\/index.php\/wp-json\/wp\/v2\/pages\/111","targetHints":{"allow":["GET"]}}],"collection":[{"href":"https:\/\/jdimax.com\/index.php\/wp-json\/wp\/v2\/pages"}],"about":[{"href":"https:\/\/jdimax.com\/index.php\/wp-json\/wp\/v2\/types\/page"}],"author":[{"embeddable":true,"href":"https:\/\/jdimax.com\/index.php\/wp-json\/wp\/v2\/users\/1"}],"replies":[{"embeddable":true,"href":"https:\/\/jdimax.com\/index.php\/wp-json\/wp\/v2\/comments?post=111"}],"version-history":[{"count":4,"href":"https:\/\/jdimax.com\/index.php\/wp-json\/wp\/v2\/pages\/111\/revisions"}],"predecessor-version":[{"id":119,"href":"https:\/\/jdimax.com\/index.php\/wp-json\/wp\/v2\/pages\/111\/revisions\/119"}],"wp:attachment":[{"href":"https:\/\/jdimax.com\/index.php\/wp-json\/wp\/v2\/media?parent=111"}],"curies":[{"name":"wp","href":"https:\/\/api.w.org\/{rel}","templated":true}]}}