{"id":13,"date":"2023-06-30T03:11:29","date_gmt":"2023-06-30T03:11:29","guid":{"rendered":"https:\/\/jdimax.com\/?page_id=13"},"modified":"2025-01-31T14:32:48","modified_gmt":"2025-01-31T14:32:48","slug":"home","status":"publish","type":"page","link":"https:\/\/jdimax.com\/","title":{"rendered":"Home"},"content":{"rendered":"\n<div class=\"wp-block-cover alignfull\" style=\"min-height:720px;aspect-ratio:unset;\"><span aria-hidden=\"true\" class=\"wp-block-cover__background has-background-dim wp-block-cover__gradient-background has-background-gradient\" style=\"background:linear-gradient(35deg,rgb(6,0,151) 0%,rgb(130,4,255) 73%,rgb(193,15,255) 100%)\"><\/span><img loading=\"lazy\" decoding=\"async\" width=\"1000\" height=\"667\" class=\"wp-block-cover__image-background wp-image-42\" alt=\"\" src=\"https:\/\/jdimax.com\/wp-content\/uploads\/2023\/06\/concepto-collage-reconocimiento-facial-1-1.jpg\" data-object-fit=\"cover\" srcset=\"https:\/\/jdimax.com\/wp-content\/uploads\/2023\/06\/concepto-collage-reconocimiento-facial-1-1.jpg 1000w, https:\/\/jdimax.com\/wp-content\/uploads\/2023\/06\/concepto-collage-reconocimiento-facial-1-1-300x200.jpg 300w, https:\/\/jdimax.com\/wp-content\/uploads\/2023\/06\/concepto-collage-reconocimiento-facial-1-1-768x512.jpg 768w\" sizes=\"auto, (max-width: 1000px) 100vw, 1000px\" \/><div class=\"wp-block-cover__inner-container is-layout-flow wp-block-cover-is-layout-flow\">\n<div class=\"inherit-container-width wp-block-group alignwide is-layout-constrained wp-block-group-is-layout-constrained\">\n<div class=\"wp-block-columns are-vertically-aligned-center is-layout-flex wp-container-core-columns-is-layout-28f84493 wp-block-columns-is-layout-flex\">\n<div class=\"wp-block-column is-layout-flow wp-block-column-is-layout-flow\" style=\"flex-basis:66%\">\n<h1 class=\"wp-block-heading has-text-align-left has-white-color has-text-color\">Conectate a Internet!<\/h1>\n\n\n\n<p>&#8220;\u00a1Explora, conecta y desata tu potencial en el mundo digital con nosotros. <br>Con\u00e9ctate a la vida que quieres vivir!&#8221;<\/p>\n\n\n\n<div class=\"wp-block-buttons alignwide is-content-justification-center is-layout-flex wp-container-core-buttons-is-layout-a89b3969 wp-block-buttons-is-layout-flex\">\n<div class=\"wp-block-button\"><a class=\"wp-block-button__link wp-element-button\" href=\"#\">Lo quiero ahora<\/a><\/div>\n<\/div>\n<\/div>\n\n\n\n<div class=\"wp-block-column is-layout-flow wp-block-column-is-layout-flow\" style=\"flex-basis:34%\"><\/div>\n<\/div>\n<\/div>\n<\/div><\/div>\n\n\n\n<div class=\"wp-block-group alignfull has-ast-global-color-5-background-color has-background is-layout-constrained wp-container-core-group-is-layout-9cedb757 wp-block-group-is-layout-constrained\" style=\"padding-bottom:0px\">\n<div class=\"wp-block-columns are-vertically-aligned-top is-layout-flex wp-container-core-columns-is-layout-00723822 wp-block-columns-is-layout-flex\">\n<div class=\"wp-block-column is-vertically-aligned-top is-layout-flow wp-container-core-column-is-layout-6b73ce23 wp-block-column-is-layout-flow\">\n<figure class=\"wp-block-image size-large\"><img decoding=\"async\" src=\"https:\/\/jdimax.com\/wp-content\/themes\/astra\/inc\/assets\/images\/starter-content\/building.svg\" alt=\"\" class=\"wp-image-134\"\/><\/figure>\n\n\n\n<h3 class=\"wp-block-heading has-text-align-left\" style=\"margin-top:16px\">Internet Residencial<\/h3>\n\n\n\n<p class=\"has-text-align-left\">Descubre la mejor conexi\u00f3n a Internet residencial con planes adaptados a tu necesidad.<\/p>\n<\/div>\n\n\n\n<div class=\"wp-block-column is-vertically-aligned-top is-layout-flow wp-container-core-column-is-layout-6b73ce23 wp-block-column-is-layout-flow\">\n<figure class=\"wp-block-image size-large\"><img decoding=\"async\" src=\"https:\/\/jdimax.com\/wp-content\/themes\/astra\/inc\/assets\/images\/starter-content\/building.svg\" alt=\"\" class=\"wp-image-134\"\/><\/figure>\n\n\n\n<h3 class=\"wp-block-heading has-text-align-left\" style=\"margin-top:16px\">Internet Empresarial<\/h3>\n\n\n\n<p class=\"has-text-align-left\">Impulsa el crecimiento y la productividad de tu empersa adquiriendo nuestro servicio.<\/p>\n<\/div>\n\n\n\n<div class=\"wp-block-column is-vertically-aligned-top is-layout-flow wp-container-core-column-is-layout-6b73ce23 wp-block-column-is-layout-flow\">\n<figure class=\"wp-block-image size-large\"><img decoding=\"async\" src=\"https:\/\/jdimax.com\/wp-content\/themes\/astra\/inc\/assets\/images\/starter-content\/blog.svg\" alt=\"\" class=\"wp-image-136\"\/><\/figure>\n\n\n\n<h3 class=\"wp-block-heading has-text-align-left\" style=\"margin-top:16px\">Soporte Tecnico<\/h3>\n\n\n\n<p class=\"has-text-align-left\">Contamos con un equipo t\u00e9cnico altamente especializado y capacitado para brindarte el mejor servicio de Internet.<\/p>\n<\/div>\n\n\n\n<div class=\"wp-block-column is-vertically-aligned-top is-layout-flow wp-container-core-column-is-layout-6b73ce23 wp-block-column-is-layout-flow\">\n<figure class=\"wp-block-image size-large\"><img decoding=\"async\" src=\"https:\/\/jdimax.com\/wp-content\/themes\/astra\/inc\/assets\/images\/starter-content\/portfolio.svg\" alt=\"\" class=\"wp-image-137\"\/><\/figure>\n\n\n\n<h3 class=\"wp-block-heading has-text-align-left\" style=\"margin-top:16px\">Camaras de Vigilancia<\/h3>\n\n\n\n<p class=\"has-text-align-left\">Seguridad, vigilancia, monitoreo, protecci\u00f3n, control, acceso remoto, detecci\u00f3n, te da tranquilidad, 24\/7.<\/p>\n<\/div>\n<\/div>\n<\/div>\n\n\n\n<div class=\"wp-block-group alignfull is-layout-constrained wp-container-core-group-is-layout-45b0ac4f wp-block-group-is-layout-constrained\" id=\"services\" style=\"padding-top:144px;padding-bottom:0px\">\n<h2 class=\"wp-block-heading\">Nuestros Servicios<\/h2>\n\n\n\n<div class=\"wp-block-columns is-layout-flex wp-container-core-columns-is-layout-60cbf9bb wp-block-columns-is-layout-flex\" style=\"margin-top:50px\">\n<div class=\"wp-block-column is-layout-flow wp-container-core-column-is-layout-6b73ce23 wp-block-column-is-layout-flow\">\n<figure class=\"wp-block-image size-full\"><img decoding=\"async\" src=\"https:\/\/jdimax.com\/wp-content\/themes\/astra\/inc\/assets\/images\/starter-content\/branding.jpg\" alt=\"\" class=\"wp-image-230\"\/><\/figure>\n\n\n\n<h3 class=\"wp-block-heading\" style=\"margin-top:16px\">Plan Ready III <br>10Mbps\/5Mbps<\/h3>\n\n\n\n<p>Es ideal para actividades en l\u00ednea como navegar por la web, enviar correos electr\u00f3nicos y disfrutar de contenido multimedia de forma fluida.<\/p>\n<\/div>\n\n\n\n<div class=\"wp-block-column is-layout-flow wp-container-core-column-is-layout-6b73ce23 wp-block-column-is-layout-flow\">\n<figure class=\"wp-block-image size-full\"><img decoding=\"async\" src=\"https:\/\/jdimax.com\/wp-content\/themes\/astra\/inc\/assets\/images\/starter-content\/graphic.jpg\" alt=\"\" class=\"wp-image-232\"\/><\/figure>\n\n\n\n<h3 class=\"wp-block-heading\" style=\"margin-top:16px\">Plan Streaming III 25Mbps\/15Mbps<\/h3>\n\n\n\n<p>Est\u00e1 especialmente dise\u00f1ado para satisfacer las necesidades de transmisi\u00f3n de contenido en l\u00ednea, como pel\u00edculas, series, m\u00fasica y juegos en tiempo real.<\/p>\n<\/div>\n\n\n\n<div class=\"wp-block-column is-layout-flow wp-container-core-column-is-layout-6b73ce23 wp-block-column-is-layout-flow\">\n<figure class=\"wp-block-image size-full\"><img decoding=\"async\" src=\"https:\/\/jdimax.com\/wp-content\/themes\/astra\/inc\/assets\/images\/starter-content\/web.jpg\" alt=\"\" class=\"wp-image-231\"\/><\/figure>\n\n\n\n<h3 class=\"wp-block-heading\" style=\"margin-top:16px\">Plan Evoluciona 100Mbps\/50Mbps<\/h3>\n\n\n\n<p>Este plan est\u00e1 dise\u00f1ado para usuarios que buscan una conexi\u00f3n de Internet de alta velocidad y rendimiento \u00f3ptimo.<\/p>\n<\/div>\n<\/div>\n<\/div>\n\n\n\n<div class=\"wp-block-group alignfull has-ast-global-color-5-background-color has-background is-layout-constrained wp-container-core-group-is-layout-94d206d0 wp-block-group-is-layout-constrained\" id=\"about\" style=\"padding-top:143px;padding-bottom:144px\">\n<div class=\"wp-block-media-text has-media-on-the-right is-stacked-on-mobile is-vertically-aligned-center\"><div class=\"wp-block-media-text__content\">\n<div class=\"inherit-container-width wp-block-group is-layout-constrained wp-container-core-group-is-layout-47ce07ec wp-block-group-is-layout-constrained\" style=\"padding-right:80px\">\n<h2 class=\"wp-block-heading\" style=\"padding-right:40px\">Equipos de ultima generacion<\/h2>\n\n\n\n<p>Utilizamos routers avanzados que ofrecen una conexi\u00f3n r\u00e1pida y estable a nuestros clientes. Estos routers est\u00e1n equipados con tecnolog\u00edas modernas, como Wi-Fi de doble banda, para brindar una cobertura \u00f3ptima y una experiencia inal\u00e1mbrica de alta velocidad.<\/p>\n\n\n\n<p>Estos equipos garantizan velocidades de Internet m\u00e1s altas y una menor latencia, lo que mejora la experiencia en l\u00ednea.<\/p>\n<\/div>\n<\/div><figure class=\"wp-block-media-text__media\"><img loading=\"lazy\" decoding=\"async\" width=\"1024\" height=\"683\" src=\"https:\/\/jdimax.com\/wp-content\/uploads\/2023\/06\/alto-angulo-enrutador-wi-fi-aspiradora-1-1024x683.jpg\" alt=\"\" class=\"wp-image-82 size-full\" srcset=\"https:\/\/jdimax.com\/wp-content\/uploads\/2023\/06\/alto-angulo-enrutador-wi-fi-aspiradora-1-1024x683.jpg 1024w, https:\/\/jdimax.com\/wp-content\/uploads\/2023\/06\/alto-angulo-enrutador-wi-fi-aspiradora-1-300x200.jpg 300w, https:\/\/jdimax.com\/wp-content\/uploads\/2023\/06\/alto-angulo-enrutador-wi-fi-aspiradora-1-768x512.jpg 768w, https:\/\/jdimax.com\/wp-content\/uploads\/2023\/06\/alto-angulo-enrutador-wi-fi-aspiradora-1-1536x1024.jpg 1536w, https:\/\/jdimax.com\/wp-content\/uploads\/2023\/06\/alto-angulo-enrutador-wi-fi-aspiradora-1-2048x1365.jpg 2048w\" sizes=\"auto, (max-width: 1024px) 100vw, 1024px\" \/><\/figure><\/div>\n<\/div>\n\n\n\n<div class=\"wp-block-group alignfull is-layout-constrained wp-container-core-group-is-layout-3fee123f wp-block-group-is-layout-constrained\" id=\"whyus\" style=\"padding-top:144px;padding-bottom:144px\">\n<h2 class=\"wp-block-heading\">Porque Nosotros<\/h2>\n\n\n\n<div class=\"wp-block-columns is-layout-flex wp-container-core-columns-is-layout-29aadeec wp-block-columns-is-layout-flex\" style=\"margin-top:60px\">\n<div class=\"wp-block-column is-layout-flow wp-container-core-column-is-layout-6b73ce23 wp-block-column-is-layout-flow\">\n<figure class=\"wp-block-image size-large\"><img decoding=\"async\" src=\"https:\/\/jdimax.com\/wp-content\/themes\/astra\/inc\/assets\/images\/starter-content\/passionate.svg\" alt=\"\" class=\"wp-image-162\"\/><\/figure>\n\n\n\n<h3 class=\"wp-block-heading\" style=\"margin-top:16px\">Nos apasiona<\/h3>\n\n\n\n<p>Nos apaciona brindarte el mejor servicio y la mayor calidad en cada uno de nuestros servicios.<\/p>\n<\/div>\n\n\n\n<div class=\"wp-block-column is-layout-flow wp-container-core-column-is-layout-6b73ce23 wp-block-column-is-layout-flow\">\n<figure class=\"wp-block-image size-large\"><img decoding=\"async\" src=\"https:\/\/jdimax.com\/wp-content\/themes\/astra\/inc\/assets\/images\/starter-content\/professional.svg\" alt=\"\" class=\"wp-image-163\"\/><\/figure>\n\n\n\n<h3 class=\"wp-block-heading\" style=\"margin-top:16px\">Profesionalismo<\/h3>\n\n\n\n<p>Tenemos un equipo de profesionales a tu disposicion.<\/p>\n<\/div>\n\n\n\n<div class=\"wp-block-column is-layout-flow wp-container-core-column-is-layout-6b73ce23 wp-block-column-is-layout-flow\">\n<figure class=\"wp-block-image size-large\"><img decoding=\"async\" src=\"https:\/\/jdimax.com\/wp-content\/themes\/astra\/inc\/assets\/images\/starter-content\/support.svg\" alt=\"\" class=\"wp-image-164\"\/><\/figure>\n\n\n\n<h3 class=\"wp-block-heading\" style=\"margin-top:16px\">Soporte<\/h3>\n\n\n\n<p>Cuentas con soporte personalizado 24\/7, alta fidelidad en fibra optica hasta tu hogar.<\/p>\n<\/div>\n<\/div>\n<\/div>\n\n\n\n<div class=\"wp-block-group alignfull has-background is-layout-constrained wp-container-core-group-is-layout-cfcca693 wp-block-group-is-layout-constrained\" id=\"contact\" style=\"background:linear-gradient(35deg,rgb(6,0,151) 0%,rgb(130,4,255) 64%,rgb(193,15,255) 98%);padding-top:104px;padding-bottom:104px\">\n<h2 class=\"wp-block-heading has-text-align-center has-text-color\" style=\"color:#ffffff\"><\/h2>\n<\/div>\n\n\n<p><script><br \/>\n      (function(d,t) {<br \/>\n        var BASE_URL=\"https:\/\/chat.blazesphere.net\";<br \/>\n        var g=d.createElement(t),s=d.getElementsByTagName(t)[0];<br \/>\n        g.src=BASE_URL+\"\/packs\/js\/sdk.js\";<br \/>\n        g.defer = true;<br \/>\n        g.async = true;<br \/>\n        s.parentNode.insertBefore(g,s);<br \/>\n        g.onload=function(){<br \/>\n          window.chatwootSDK.run({<br \/>\n            websiteToken: '5nuXVYUAdXRECZgRTLqErxWS',<br \/>\n            baseUrl: BASE_URL<br \/>\n          })<br \/>\n        }<br \/>\n      })(document,\"script\");<br \/>\n    <\/script><\/p>","protected":false},"excerpt":{"rendered":"<p>Internet Residencial Descubre la mejor conexi\u00f3n a Internet residencial con planes adaptados a tu necesidad. Internet Empresarial Impulsa el crecimiento y la productividad de tu empersa adquiriendo nuestro servicio. Soporte Tecnico Contamos con un equipo t\u00e9cnico altamente especializado y capacitado para brindarte el mejor servicio de Internet. Camaras de Vigilancia Seguridad, vigilancia, monitoreo, protecci\u00f3n, control, [&hellip;]<\/p>\n","protected":false},"author":1,"featured_media":0,"parent":0,"menu_order":0,"comment_status":"closed","ping_status":"closed","template":"","meta":{"_uag_custom_page_level_css":"","site-sidebar-layout":"no-sidebar","site-content-layout":"plain-container","ast-site-content-layout":"","site-content-style":"default","site-sidebar-style":"default","ast-global-header-display":"","ast-banner-title-visibility":"","ast-main-header-display":"","ast-hfb-above-header-display":"","ast-hfb-below-header-display":"","ast-hfb-mobile-header-display":"","site-post-title":"disabled","ast-breadcrumbs-content":"","ast-featured-img":"","footer-sml-layout":"","theme-transparent-header-meta":"enabled","adv-header-id-meta":"","stick-header-meta":"","header-above-stick-meta":"","header-main-stick-meta":"","header-below-stick-meta":"","astra-migrate-meta-layouts":"default","ast-page-background-enabled":"default","ast-page-background-meta":{"desktop":{"background-color":"var(--ast-global-color-4)","background-image":"","background-repeat":"repeat","background-position":"center center","background-size":"auto","background-attachment":"scroll","background-type":"","background-media":"","overlay-type":"","overlay-color":"","overlay-opacity":"","overlay-gradient":""},"tablet":{"background-color":"","background-image":"","background-repeat":"repeat","background-position":"center center","background-size":"auto","background-attachment":"scroll","background-type":"","background-media":"","overlay-type":"","overlay-color":"","overlay-opacity":"","overlay-gradient":""},"mobile":{"background-color":"","background-image":"","background-repeat":"repeat","background-position":"center center","background-size":"auto","background-attachment":"scroll","background-type":"","background-media":"","overlay-type":"","overlay-color":"","overlay-opacity":"","overlay-gradient":""}},"ast-content-background-meta":{"desktop":{"background-color":"var(--ast-global-color-5)","background-image":"","background-repeat":"repeat","background-position":"center center","background-size":"auto","background-attachment":"scroll","background-type":"","background-media":"","overlay-type":"","overlay-color":"","overlay-opacity":"","overlay-gradient":""},"tablet":{"background-color":"var(--ast-global-color-5)","background-image":"","background-repeat":"repeat","background-position":"center center","background-size":"auto","background-attachment":"scroll","background-type":"","background-media":"","overlay-type":"","overlay-color":"","overlay-opacity":"","overlay-gradient":""},"mobile":{"background-color":"var(--ast-global-color-5)","background-image":"","background-repeat":"repeat","background-position":"center center","background-size":"auto","background-attachment":"scroll","background-type":"","background-media":"","overlay-type":"","overlay-color":"","overlay-opacity":"","overlay-gradient":""}},"footnotes":""},"class_list":["post-13","page","type-page","status-publish","hentry"],"uagb_featured_image_src":{"full":false,"thumbnail":false,"medium":false,"medium_large":false,"large":false,"1536x1536":false,"2048x2048":false},"uagb_author_info":{"display_name":"admin","author_link":"https:\/\/jdimax.com\/index.php\/author\/admin\/"},"uagb_comment_info":0,"uagb_excerpt":"Internet Residencial Descubre la mejor conexi\u00f3n a Internet residencial con planes adaptados a tu necesidad. Internet Empresarial Impulsa el crecimiento y la productividad de tu empersa adquiriendo nuestro servicio. Soporte Tecnico Contamos con un equipo t\u00e9cnico altamente especializado y capacitado para brindarte el mejor servicio de Internet. Camaras de Vigilancia Seguridad, vigilancia, monitoreo, protecci\u00f3n, control,&hellip;","_links":{"self":[{"href":"https:\/\/jdimax.com\/index.php\/wp-json\/wp\/v2\/pages\/13","targetHints":{"allow":["GET"]}}],"collection":[{"href":"https:\/\/jdimax.com\/index.php\/wp-json\/wp\/v2\/pages"}],"about":[{"href":"https:\/\/jdimax.com\/index.php\/wp-json\/wp\/v2\/types\/page"}],"author":[{"embeddable":true,"href":"https:\/\/jdimax.com\/index.php\/wp-json\/wp\/v2\/users\/1"}],"replies":[{"embeddable":true,"href":"https:\/\/jdimax.com\/index.php\/wp-json\/wp\/v2\/comments?post=13"}],"version-history":[{"count":25,"href":"https:\/\/jdimax.com\/index.php\/wp-json\/wp\/v2\/pages\/13\/revisions"}],"predecessor-version":[{"id":95,"href":"https:\/\/jdimax.com\/index.php\/wp-json\/wp\/v2\/pages\/13\/revisions\/95"}],"wp:attachment":[{"href":"https:\/\/jdimax.com\/index.php\/wp-json\/wp\/v2\/media?parent=13"}],"curies":[{"name":"wp","href":"https:\/\/api.w.org\/{rel}","templated":true}]}}